{"id":267,"date":"2021-09-05T16:24:27","date_gmt":"2021-09-05T19:24:27","guid":{"rendered":"http:\/\/www.sds2021.ufpr.br\/?page_id=267"},"modified":"2021-12-03T19:11:38","modified_gmt":"2021-12-03T22:11:38","slug":"inscricao-subscription","status":"publish","type":"page","link":"http:\/\/www.sds2021.ufpr.br\/?page_id=267","title":{"rendered":"Inscri\u00e7\u00e3o \/ Registration"},"content":{"rendered":"\n<p>Aten\u00e7\u00e3o: mesmo sendo gratuita, a inscri\u00e7\u00e3o ser\u00e1 importante para que voc\u00ea tenha acesso ao link de Zoom das sess\u00f5es e emiss\u00e3o de certificados.<\/p>\n\n\n\n<p><em>Attention: even though it is a free event, the registration is important to have access to the Zoom link of the sessions and certificates.<\/em><\/p>\n\n\n\n<p><\/p>\n\n\n\n<h4><strong>Tipos de Ingresso \/ Tickets types<\/strong><\/h4>\n\n\n\n<hr class=\"wp-block-separator is-style-wide\"\/>\n\n\n\n<div class=\"wp-block-columns\">\n<div class=\"wp-block-column\" style=\"flex-basis:15%\">\n<figure class=\"wp-block-image size-large is-resized\"><img loading=\"lazy\" src=\"http:\/\/www.sds2021.ufpr.br\/wp-content\/uploads\/2021\/11\/standard.png\" alt=\"\" class=\"wp-image-992\" width=\"113\" height=\"22\"\/><\/figure>\n<\/div>\n\n\n\n<div class=\"wp-block-column\">\n<p><strong>SDS2021: Simp\u00f3sio de Design Sustent\u00e1vel + Sustainable Design Symposium<\/strong><br>Gratuito \/ Free<br>3 dias (1\u20133 Dec 2021) ingresso para participa\u00e7\u00e3o geral no evento por pessoa<em><br>3 days (1\u20133 Dec 2021) ticket for general event attendance per person<\/em><\/p>\n\n\n\n<p class=\"has-small-font-size\"><em>*Inclui acesso a programa\u00e7\u00e3o <a href=\"http:\/\/www.sds2021.ufpr.br\/?page_id=412\" data-type=\"URL\" data-id=\"http:\/\/www.sds2021.ufpr.br\/?page_id=412\">s\u00edncrona<\/a> e <a href=\"http:\/\/www.sds2021.ufpr.br\/?page_id=412#assincrono\" data-type=\"URL\" data-id=\"http:\/\/www.sds2021.ufpr.br\/?page_id=412#assincrono\">ass\u00edncrona<\/a>, <strong>com exce\u00e7\u00e3o dos minicursos e reuni\u00f5es\/forums<\/strong>.<br>*Includes access to the <a href=\"http:\/\/www.sds2021.ufpr.br\/?page_id=568\" data-type=\"URL\" data-id=\"http:\/\/www.sds2021.ufpr.br\/?page_id=568\">synchronous<\/a> and <a href=\"http:\/\/www.sds2021.ufpr.br\/?page_id=568#asynchronous\" data-type=\"URL\" data-id=\"http:\/\/www.sds2021.ufpr.br\/?page_id=568#asynchronous\">asynchronous<\/a> program, <strong>with the exception of short courses e forum meetings<\/strong>.<\/em><\/p>\n\n\n\n<p><em><strong>Closed! <\/strong>As inscri\u00e7\u00f5es para o Simp\u00f3sio j\u00e1 se encerraram.<\/em><\/p>\n<\/div>\n<\/div>\n\n\n\n<hr class=\"wp-block-separator is-style-wide\"\/>\n\n\n\n<p>SESS\u00d5ES AVULSAS \/ SINGLE SESSIONS<\/p>\n\n\n\n<p class=\"has-small-font-size\">Para se inscrever nas sess\u00f5es a seguir, voc\u00ea n\u00e3o precisa estar inscrito no Simp\u00f3sio com o ingresso STANDARD.<br><em>To register for the following sessions, you don&#8217;t need to be registered for the Symposium with the STANDARD ticket<\/em>.<\/p>\n\n\n\n<div class=\"wp-block-columns\">\n<div class=\"wp-block-column\" style=\"flex-basis:15%\">\n<figure class=\"wp-block-image size-large is-resized\"><img loading=\"lazy\" src=\"http:\/\/www.sds2021.ufpr.br\/wp-content\/uploads\/2021\/11\/minicourse_day1.png\" alt=\"\" class=\"wp-image-1039\" width=\"140\" height=\"22\"\/><\/figure>\n<\/div>\n\n\n\n<div class=\"wp-block-column\">\n<p><em><strong><a href=\"http:\/\/www.sds2021.ufpr.br\/?page_id=719\">Systems Thinking, Complexidade e Design: ampliando e integrando a compreens\u00e3o dos problemas de sustentabilidade<\/a><\/strong><\/em><br>Gratuito \/ Free<br><strong>Day 1 | 15:30 \u2013 17:00 (1h 30 min) | Portuguese<\/strong><br>Claudio Pereira de Sampaio (UEL)<br>Sess\u00e3o com limite de participantes \/ <em>Session with limit of attendance<\/em><\/p>\n\n\n\n<p><em><strong>Esgotado! <\/strong>As inscri\u00e7\u00f5es para este minicurso j\u00e1 se encerraram.<\/em><\/p>\n<\/div>\n<\/div>\n\n\n\n<hr class=\"wp-block-separator is-style-dots\"\/>\n\n\n\n<div class=\"wp-block-columns\">\n<div class=\"wp-block-column\" style=\"flex-basis:15%\">\n<figure class=\"wp-block-image size-large is-resized\"><img loading=\"lazy\" src=\"http:\/\/www.sds2021.ufpr.br\/wp-content\/uploads\/2021\/11\/minicourse_day2.png\" alt=\"\" class=\"wp-image-1040\" width=\"140\" height=\"22\"\/><\/figure>\n<\/div>\n\n\n\n<div class=\"wp-block-column\">\n<p><em><strong><a href=\"http:\/\/www.sds2021.ufpr.br\/?page_id=727\">PSS para Sustentabilidade: uso da Teoria de Mudan\u00e7a para cocria\u00e7\u00e3o de valor<\/a><\/strong><\/em><br>Gratuito \/ Free<br><strong>Day 2 | 15:30 \u2013 17:00 (1h 30 min) | Portuguese<\/strong><br>Marcia Santos da Silva (UNISINOS)<br>Sess\u00e3o com limite de participantes \/ <em>Session with limit of attendance<\/em><\/p>\n\n\n\n<p><em><strong>Esgotado! <\/strong>As inscri\u00e7\u00f5es para este minicurso j\u00e1 se encerraram.<\/em><\/p>\n<\/div>\n<\/div>\n\n\n\n<hr class=\"wp-block-separator is-style-dots\"\/>\n\n\n\n<div class=\"wp-block-columns\">\n<div class=\"wp-block-column\" style=\"flex-basis:15%\">\n<figure class=\"wp-block-image size-large is-resized\"><img loading=\"lazy\" src=\"http:\/\/www.sds2021.ufpr.br\/wp-content\/uploads\/2021\/11\/minicourse_day3.png\" alt=\"\" class=\"wp-image-1041\" width=\"140\" height=\"22\"\/><\/figure>\n<\/div>\n\n\n\n<div class=\"wp-block-column\">\n<p><em><strong><a href=\"http:\/\/www.sds2021.ufpr.br\/?page_id=734\">Design for the Circular Economy: a Workshop<\/a><\/strong><\/em><br>Gratuito \/ Free<br><strong>Day 3 | 15:30 \u2013 17:00 (1h 30 min) | English<\/strong><br>Mariano Ramirez (University of New South Wales) <br>Sess\u00e3o com limite de participantes \/ <em>Session with limit of attendance<\/em><\/p>\n\n\n\n<p><em><strong>Registration for this minicourse is closed.<\/strong><\/em><\/p>\n<\/div>\n<\/div>\n\n\n\n<hr class=\"wp-block-separator is-style-dots\"\/>\n\n\n\n<div class=\"wp-block-columns\">\n<div class=\"wp-block-column\" style=\"flex-basis:15%\">\n<figure class=\"wp-block-image size-large is-resized\"><img loading=\"lazy\" src=\"http:\/\/www.sds2021.ufpr.br\/wp-content\/uploads\/2021\/11\/forum_day1.png\" alt=\"\" class=\"wp-image-1043\" width=\"139\" height=\"22\"\/><\/figure>\n<\/div>\n\n\n\n<div class=\"wp-block-column\">\n<p><strong><a href=\"http:\/\/www.sds2021.ufpr.br\/?page_id=923\">LeNS Meeting<\/a><\/strong><br>Gratuito \/ Free<br><strong>Day 1 | 13:00 \u2013 14:00 (1h) | Portuguese<\/strong><br>Sess\u00e3o com limite de participantes \/ <em>Session with limit of attendance<\/em><\/p>\n\n\n\n<p><em>As inscri\u00e7\u00f5es para este forum j\u00e1 se encerraram.<\/em><\/p>\n<\/div>\n<\/div>\n\n\n\n<hr class=\"wp-block-separator is-style-dots\" id=\"desismeeting\"\/>\n\n\n\n<div class=\"wp-block-columns\">\n<div class=\"wp-block-column\" style=\"flex-basis:15%\">\n<figure class=\"wp-block-image size-large is-resized\"><img loading=\"lazy\" src=\"http:\/\/www.sds2021.ufpr.br\/wp-content\/uploads\/2021\/11\/forum_day2.png\" alt=\"\" class=\"wp-image-1044\" width=\"139\" height=\"22\"\/><\/figure>\n<\/div>\n\n\n\n<div class=\"wp-block-column\">\n<p><strong><a href=\"http:\/\/www.sds2021.ufpr.br\/?page_id=1271\" data-type=\"URL\" data-id=\"http:\/\/www.sds2021.ufpr.br\/?page_id=1271\">DESIS Meeting<\/a><\/strong><br>Gratuito \/ Free<br><strong>Day 2 | 13:00 \u2013 14:00 (1h) | Portuguese<\/strong><br>Sess\u00e3o com limite de participantes \/ <em>Session with limit of attendance<\/em><\/p>\n\n\n\n<p><em>As inscri\u00e7\u00f5es para este forum j\u00e1 se encerraram.<\/em><\/p>\n<\/div>\n<\/div>\n\n\n\n<hr class=\"wp-block-separator is-style-dots\"\/>\n\n\n\n<div class=\"wp-block-columns\">\n<div class=\"wp-block-column\" style=\"flex-basis:15%\">\n<figure class=\"wp-block-image size-large is-resized\"><img loading=\"lazy\" src=\"http:\/\/www.sds2021.ufpr.br\/wp-content\/uploads\/2021\/11\/forum_day3.png\" alt=\"\" class=\"wp-image-1045\" width=\"139\" height=\"22\"\/><\/figure>\n<\/div>\n\n\n\n<div class=\"wp-block-column\">\n<p id=\"phdforum\"><strong><strong><a href=\"http:\/\/www.sds2021.ufpr.br\/?page_id=934\">PhD Students Forum<\/a><\/strong><br><\/strong>Gratuito \/ Free<br><strong>Day 3 | 13:00 \u2013 14:00 (1h) | English<\/strong><br>Sess\u00e3o com limite de participantes \/ <em>Session with limit of attendance<\/em><\/p>\n\n\n\n<p><em>As inscri\u00e7\u00f5es para este forum j\u00e1 se encerraram.<\/em><\/p>\n<\/div>\n<\/div>\n\n\n\n<hr class=\"wp-block-separator is-style-wide\"\/>\n\n\n\n<p><\/p>\n","protected":false},"excerpt":{"rendered":"<p>Aten\u00e7\u00e3o: mesmo sendo gratuita, a inscri\u00e7\u00e3o ser\u00e1 importante para que voc\u00ea tenha acesso ao link de Zoom das sess\u00f5es e emiss\u00e3o de certificados. Attention: even though it is a free event, the registration is important to have access to the Zoom link of the sessions and certificates. Tipos de Ingresso \/ Tickets types SDS2021: Simp\u00f3sio&hellip;&nbsp;<a href=\"http:\/\/www.sds2021.ufpr.br\/?page_id=267\" class=\"\" rel=\"bookmark\">Read More &raquo;<span class=\"screen-reader-text\">Inscri\u00e7\u00e3o \/ Registration<\/span><\/a><\/p>\n","protected":false},"author":2,"featured_media":0,"parent":0,"menu_order":0,"comment_status":"closed","ping_status":"closed","template":"","meta":{"neve_meta_sidebar":"","neve_meta_container":"","neve_meta_enable_content_width":"","neve_meta_content_width":0,"neve_meta_title_alignment":"","neve_meta_author_avatar":"","neve_post_elements_order":"","neve_meta_disable_header":"","neve_meta_disable_footer":"","neve_meta_disable_title":""},"_links":{"self":[{"href":"http:\/\/www.sds2021.ufpr.br\/index.php?rest_route=\/wp\/v2\/pages\/267"}],"collection":[{"href":"http:\/\/www.sds2021.ufpr.br\/index.php?rest_route=\/wp\/v2\/pages"}],"about":[{"href":"http:\/\/www.sds2021.ufpr.br\/index.php?rest_route=\/wp\/v2\/types\/page"}],"author":[{"embeddable":true,"href":"http:\/\/www.sds2021.ufpr.br\/index.php?rest_route=\/wp\/v2\/users\/2"}],"replies":[{"embeddable":true,"href":"http:\/\/www.sds2021.ufpr.br\/index.php?rest_route=%2Fwp%2Fv2%2Fcomments&post=267"}],"version-history":[{"count":43,"href":"http:\/\/www.sds2021.ufpr.br\/index.php?rest_route=\/wp\/v2\/pages\/267\/revisions"}],"predecessor-version":[{"id":1510,"href":"http:\/\/www.sds2021.ufpr.br\/index.php?rest_route=\/wp\/v2\/pages\/267\/revisions\/1510"}],"wp:attachment":[{"href":"http:\/\/www.sds2021.ufpr.br\/index.php?rest_route=%2Fwp%2Fv2%2Fmedia&parent=267"}],"curies":[{"name":"wp","href":"https:\/\/api.w.org\/{rel}","templated":true}]}}