{"id":62,"date":"2021-04-12T09:18:06","date_gmt":"2021-04-12T12:18:06","guid":{"rendered":"http:\/\/www.sds2021.ufpr.br\/?page_id=62"},"modified":"2021-11-11T19:52:15","modified_gmt":"2021-11-11T22:52:15","slug":"submissao","status":"publish","type":"page","link":"http:\/\/www.sds2021.ufpr.br\/?page_id=62","title":{"rendered":"Submiss\u00e3o de artigos"},"content":{"rendered":"\n<blockquote class=\"wp-block-quote\"><p><em>Convidamos&nbsp;profissionais, pesquisadores, estudantes e profissionais de Design e \u00e1reas afins, al\u00e9m de representantes do setor produtivo, ONGs e governo a submeter artigos para apresenta\u00e7\u00e3o.<\/em><\/p><\/blockquote>\n\n\n\n<h3>Escopo<\/h3>\n\n\n\n<p>O SDS2021 tem como escopo o amplo espectro de possibilidades do Design para a Sustentabilidade, buscando o debate de id\u00e9ias e pr\u00e1ticas nas dimens\u00f5es social, ambiental e econ\u00f4mica. Assim, as submiss\u00f5es ao evento contemplam desde abordagens centradas nos materiais, no produto ou no sistema produto+servi\u00e7o, at\u00e9 abordagens centradas no \u00e2mbito s\u00f3cio-espacial , do sistema socio-t\u00e9cnico e, tamb\u00e9m, abordagens bioc\u00eantricas.<\/p>\n\n\n\n<p>Desta forma, inclui em seu escopo temas como \u201cdesign para o comportamento sustent\u00e1vel\u201d; \u201cbiomimese\u201d; \u201cdesign de sistemas produto+servi\u00e7o\u201d; \u201cdesign para a base da pir\u00e2mide\u201d; \u201cdesign e inova\u00e7\u00e3o social\u201d; \u201cdesign sist\u00eamico\u201d; \u201cdesign de transi\u00e7\u00f5es para a sustentabilidade\u201d; \u201cdesign p\u00f3s-antropoc\u00eantrico\u201d; \u201cdesign e economia circular\u201d; \u201cdesign &amp; economia distribu\u00edda\u201d; \u201cdesign &amp; inova\u00e7\u00e3o aberta\u201d e \u201ceco-design\u201d.<\/p>\n\n\n\n<p>Para melhor compreens\u00e3o deste espectro de possibilidades tem\u00e1ticas sugere-se a leitura do livro \u201c<a href=\"https:\/\/doi.org\/10.4324\/9780429456510\"><span style=\"color:#0175e8\" class=\"has-inline-color\">Design para a Sustentabilidade<\/span><\/a>\u201d de Fabrizio Ceschin e Idil Gaziulusoy (2020), dispon\u00edvel para download gratuito no site da Editora Routledge. Tamb\u00e9m sugere-se a consulta aos livros \u201cDimens\u00e3o Social\u2026\u201d, \u201cDimens\u00e3o Ambiental\u2026\u201d e \u201cDimens\u00e3o Econ\u00f4mica do Design para a Sustentabilidade\u201d, desenvolvido pela LeNS (Learning Network on Sustainability \u2013 Brazil) e disponibilizados gratuitamente em sua vers\u00e3o digital no site da&nbsp;<a rel=\"noreferrer noopener\" href=\"https:\/\/www.editorainsight.com.br\/\" target=\"_blank\"><span style=\"color:#0175e8\" class=\"has-inline-color\">Editora Insight.<\/span><\/a><\/p>\n\n\n\n<p><\/p>\n\n\n\n<h3>Cronograma<\/h3>\n\n\n\n<p class=\"has-white-color has-text-color has-background\" style=\"background-color:#ee5ba0\"><em><strong>O processo de submiss\u00e3o de artigos j\u00e1 foi conclu\u00eddo<\/strong><\/em>.<\/p>\n\n\n\n<ul class=\"has-nv-dark-bg-background-color has-text-color has-background\" style=\"color:#737373\"><li><span style=\"color:#737373\" class=\"has-inline-color\"><em><s>Lan\u00e7amento de chamada: 12\/04<\/s><\/em><\/span><\/li><li><span style=\"color:#737373\" class=\"has-inline-color\"><em><s>Prazo m\u00e1ximo para submiss\u00e3o do artigo: 28\/06 &#8211; Extendido at\u00e9 dia 05\/07 <\/s><\/em><\/span><\/li><li><span style=\"color:#737373\" class=\"has-inline-color\"><em><s>Resultado da avalia\u00e7\u00e3o: 02\/08<\/s><\/em><\/span><\/li><li><span style=\"color:#737373\" class=\"has-inline-color\"><em><s>Submiss\u00e3o da vers\u00e3o final do artigo: 23\/08<\/s><\/em><\/span><\/li><li><em><span style=\"color:#737373\" class=\"has-inline-color\"><s>Resultado final do processo de avalia\u00e7\u00e3o: 06\/09<\/s><\/span><\/em><\/li><li><em><s><span style=\"color:#737373\" class=\"has-inline-color\">Submiss\u00e3o do v\u00eddeo-apresenta\u00e7\u00e3o + infogr\u00e1fico: 01\/10<\/span><\/s><\/em><\/li><li><span class=\"has-inline-color has-white-color\">Realiza\u00e7\u00e3o do evento: 1, 2 e 3 de dezembro<\/span><\/li><\/ul>\n\n\n\n<p><\/p>\n\n\n\n<h3 id=\"Template\">Templates e links \u00fateis<\/h3>\n\n\n\n<ul class=\"has-text-color\" style=\"color:#0175e8\"><li><strong><a href=\"https:\/\/drive.google.com\/drive\/folders\/1RPzeGz9Ym2KTHQM5zJ8JAQOKi8_4nBvv?usp=sharing\" data-type=\"URL\" data-id=\"https:\/\/drive.google.com\/drive\/folders\/1RPzeGz9Ym2KTHQM5zJ8JAQOKi8_4nBvv?usp=sharing\">Download do fundo de tela oficial do evento para as sess\u00f5es<\/a><\/strong><br><\/li><li><strong><a href=\"http:\/\/www.sds2021.ufpr.br\/wp-content\/uploads\/2021\/10\/SDS2021_PT_template_final.docx\" data-type=\"URL\" data-id=\"http:\/\/www.sds2021.ufpr.br\/wp-content\/uploads\/2021\/10\/SDS2021_PT_template_final.docx\"><span style=\"color:#0175e8\" class=\"has-inline-color\">Download do Template em Portugu\u00eas<\/span><\/a><\/strong><\/li><li><strong><a href=\"http:\/\/www.sds2021.ufpr.br\/wp-content\/uploads\/2021\/10\/SDS2021_EN_template_final.docx\" data-type=\"URL\" data-id=\"http:\/\/www.sds2021.ufpr.br\/wp-content\/uploads\/2021\/10\/SDS2021_EN_template_final.docx\"><span style=\"color:#0175e8\" class=\"has-inline-color\">Download do Template em Ingl\u00eas<\/span><\/a><\/strong><\/li><li><strong><a href=\"http:\/\/www.sds2021.ufpr.br\/wp-content\/uploads\/2021\/09\/SDS2021_Apresentacao_PT.pptx\" data-type=\"URL\" data-id=\"http:\/\/www.sds2021.ufpr.br\/wp-content\/uploads\/2021\/09\/SDS2021_Apresentacao_PT.pptx\"><span style=\"color:#0175e8\" class=\"has-inline-color\">Download do Template da Apresenta\u00e7\u00e3o em Portugu\u00eas<\/span><\/a><\/strong><\/li><li><strong><a href=\"http:\/\/www.sds2021.ufpr.br\/wp-content\/uploads\/2021\/09\/SDS2021_Presentation_EN.pptx\" data-type=\"URL\" data-id=\"http:\/\/www.sds2021.ufpr.br\/wp-content\/uploads\/2021\/09\/SDS2021_Presentation_EN.pptx\"><span style=\"color:#0175e8\" class=\"has-inline-color\">Download do Template da Apresenta\u00e7\u00e3o em Ingl\u00eas<\/span><\/a><\/strong><\/li><li><a href=\"https:\/\/drive.google.com\/drive\/folders\/1P6GQU8O1qQlNIfRs2WkzD7sreGoNStEc?usp=sharing\" data-type=\"URL\" data-id=\"https:\/\/drive.google.com\/drive\/folders\/1P6GQU8O1qQlNIfRs2WkzD7sreGoNStEc?usp=sharing\"><span style=\"color:#0175e8\" class=\"has-inline-color\"><strong>Download do Template para o Infogr\u00e1fico do Artigo<\/strong><\/span><\/a><\/li><li><strong><a href=\"http:\/\/www.sds2021.ufpr.br\/wp-content\/uploads\/2021\/09\/SDS2021-Guia-para-a-Produc\u0327a\u0303o-da-Videoapresentac\u0327a\u0303o_2.docx\" data-type=\"URL\" data-id=\"http:\/\/www.sds2021.ufpr.br\/wp-content\/uploads\/2021\/09\/SDS2021-Guia-para-a-Produc\u0327a\u0303o-da-Videoapresentac\u0327a\u0303o_2.docx\"><span style=\"color:#0175e8\" class=\"has-inline-color\">Guia para a Produc\u0327a\u0303o da Videoapresentac\u0327a\u0303o em Portugu\u00eas<\/span><\/a><\/strong><\/li><li><a href=\"http:\/\/www.sds2021.ufpr.br\/wp-content\/uploads\/2021\/09\/SDS2021-Termo-de-Consentimento-Portugue\u0302s.docx\" data-type=\"URL\" data-id=\"http:\/\/www.sds2021.ufpr.br\/wp-content\/uploads\/2021\/09\/SDS2021-Termo-de-Consentimento-Portugue\u0302s.docx\"><span style=\"color:#0175e8\" class=\"has-inline-color\"><strong>Download do Termo de Consentimento em Portugu\u00eas<\/strong><\/span><\/a><\/li><li><a href=\"https:\/\/easychair.org\/cfp\/SDS2021virtual\" data-type=\"URL\" data-id=\"https:\/\/easychair.org\/cfp\/SDS2021virtual\"><strong><span style=\"color:#0175e8\" class=\"has-inline-color\">Acessar plataforma de submiss\u00e3o de artigos (EasyChair)<\/span><\/strong><\/a><\/li><\/ul>\n\n\n\n<p><\/p>\n\n\n\n<h3>D\u00favidas frequentes<\/h3>\n\n\n\n<pre class=\"wp-block-preformatted\"><strong>Qual \u00e9 o formato e tamanho do v\u00eddeo-apresenta\u00e7\u00e3o?<\/strong>\nO tempo m\u00e1ximo para a apresenta\u00e7\u00e3o \u00e9 de 5 minutos. O v\u00eddeo dever\u00e1 estar gravado utilizando o <a href=\"http:\/\/www.sds2021.ufpr.br\/wp-content\/uploads\/2021\/09\/SDS2021_Apresentacao_PT.pptx\" data-type=\"URL\" data-id=\"http:\/\/www.sds2021.ufpr.br\/wp-content\/uploads\/2021\/09\/SDS2021_Apresentacao_PT.pptx\"><span style=\"color: #0175e8;\" class=\"has-inline-color\">Template de Apresenta\u00e7\u00e3o<\/span><\/a> dispon\u00edvel.\nMaiores detalhes em: <a href=\"http:\/\/www.sds2021.ufpr.br\/wp-content\/uploads\/2021\/09\/SDS2021-Guia-para-a-Produc%CC%A7a%CC%83o-da-Videoapresentac%CC%A7a%CC%83o_2.docx\"><span style=\"color: #0175e8;\" class=\"has-inline-color\">Guia para a Produ\u00e7\u00e3o da Videoapresenta\u00e7\u00e3o em Portugu\u00eas<\/span><\/a>. <\/pre>\n\n\n\n<pre class=\"wp-block-preformatted\"><strong>Qual \u00e9 o formato e objetivo do infogr\u00e1fico<\/strong>?\nO infogr\u00e1fico de cada artigo tem como alvo as redes sociais do evento (Instagram e Linkedin). \u00c9 uma imagem ilustrativa do conte\u00fado do artigo no formato de postagem para rede social, podendo conter texto, infogr\u00e1fico, fotos ou diagramas.\n\nInstru\u00e7\u00f5es para os autores:\n- Desenvolver de uma at\u00e9 tr\u00eas imagens que sintetize(m) e explique(m) de maneira simples o conte\u00fado do artigo.\n- Utilizar o modelo de rodap\u00e9 branco ou preto, conforme os exemplos.\n- O formato final da imagem dever\u00e1 ser de 1080 x 1350 pixels (contemplando o rodap\u00e9), com 72 dpi, em jpg ou png. \n- As fontes n\u00e3o devem ser menores do que 25 pontos.\n- Enviar junto com a(s) imagem(ns) uma legenda de at\u00e9 2.000 caracteres, contemplando o t\u00edtulo do artigo e nome de autores. \n\nArquivos .ai, .pdf e jpg dos rodap\u00e9s, assim como exemplos est\u00e3o disponibilizados em: <a href=\"https:\/\/drive.google.com\/drive\/folders\/1P6GQU8O1qQlNIfRs2WkzD7sreGoNStEc?usp=sharing\"><strong><span style=\"color:#0175e8\" class=\"has-inline-color\">Template para o Infogr\u00e1fico do Artigo<\/span><\/strong><\/a>\n\n\n<strong>Dica<\/strong>: voc\u00ea pode usar o <a href=\"https:\/\/www.canva.com\/\"><span style=\"color:#0175e8\" class=\"has-inline-color\">Canva website<\/span><\/a> para criar online e mais facilmente as imagens no formato da postagem, incluindo o rodap\u00e9 fornecido. A ferramenta \u00e9 gratuita.<\/pre>\n\n\n\n<pre class=\"wp-block-preformatted\"><strong>Como devo fazer o envio do v\u00eddeo-apresenta\u00e7\u00e3o e infogr\u00e1fico?<\/strong>\nAmbos os arquivos devem ser enviados a organiza\u00e7\u00e3o atrav\u00e9s do e-mail: nds@ufpr.br<\/pre>\n\n\n\n<pre class=\"wp-block-preformatted\"><strong>Como devo fazer o envio da vers\u00e3o final do artigo corrigido?<\/strong>\nEsta etapa do processo j\u00e1 foi conclu\u00edda.<\/pre>\n\n\n\n<pre class=\"wp-block-preformatted\"><strong>Como devo fazer o envio de figuras do artigo?<\/strong>\nElas devem estar leg\u00edveis e integradas no corpo do artigo.<\/pre>\n\n\n\n<pre class=\"wp-block-preformatted\"><strong>Informa\u00e7\u00f5es sobre os anais do evento, at\u00e9 o momento:<\/strong>\nOs anais ser\u00e3o produzidos somente em formato digital.<\/pre>\n\n\n\n<p><\/p>\n","protected":false},"excerpt":{"rendered":"<p>Convidamos&nbsp;profissionais, pesquisadores, estudantes e profissionais de Design e \u00e1reas afins, al\u00e9m de representantes do setor produtivo, ONGs e governo a submeter artigos para apresenta\u00e7\u00e3o. Escopo O SDS2021 tem como escopo o amplo espectro de possibilidades do Design para a Sustentabilidade, buscando o debate de id\u00e9ias e pr\u00e1ticas nas dimens\u00f5es social, ambiental e econ\u00f4mica. Assim, as&hellip;&nbsp;<a href=\"http:\/\/www.sds2021.ufpr.br\/?page_id=62\" class=\"\" rel=\"bookmark\">Read More &raquo;<span class=\"screen-reader-text\">Submiss\u00e3o de artigos<\/span><\/a><\/p>\n","protected":false},"author":1,"featured_media":0,"parent":0,"menu_order":0,"comment_status":"closed","ping_status":"closed","template":"","meta":{"neve_meta_sidebar":"","neve_meta_container":"","neve_meta_enable_content_width":"","neve_meta_content_width":0,"neve_meta_title_alignment":"","neve_meta_author_avatar":"","neve_post_elements_order":"","neve_meta_disable_header":"","neve_meta_disable_footer":"","neve_meta_disable_title":""},"_links":{"self":[{"href":"http:\/\/www.sds2021.ufpr.br\/index.php?rest_route=\/wp\/v2\/pages\/62"}],"collection":[{"href":"http:\/\/www.sds2021.ufpr.br\/index.php?rest_route=\/wp\/v2\/pages"}],"about":[{"href":"http:\/\/www.sds2021.ufpr.br\/index.php?rest_route=\/wp\/v2\/types\/page"}],"author":[{"embeddable":true,"href":"http:\/\/www.sds2021.ufpr.br\/index.php?rest_route=\/wp\/v2\/users\/1"}],"replies":[{"embeddable":true,"href":"http:\/\/www.sds2021.ufpr.br\/index.php?rest_route=%2Fwp%2Fv2%2Fcomments&post=62"}],"version-history":[{"count":32,"href":"http:\/\/www.sds2021.ufpr.br\/index.php?rest_route=\/wp\/v2\/pages\/62\/revisions"}],"predecessor-version":[{"id":957,"href":"http:\/\/www.sds2021.ufpr.br\/index.php?rest_route=\/wp\/v2\/pages\/62\/revisions\/957"}],"wp:attachment":[{"href":"http:\/\/www.sds2021.ufpr.br\/index.php?rest_route=%2Fwp%2Fv2%2Fmedia&parent=62"}],"curies":[{"name":"wp","href":"https:\/\/api.w.org\/{rel}","templated":true}]}}