{"id":97,"date":"2021-09-03T21:42:03","date_gmt":"2021-09-04T00:42:03","guid":{"rendered":"http:\/\/www.sds2021.ufpr.br\/?page_id=97"},"modified":"2021-12-10T13:24:25","modified_gmt":"2021-12-10T16:24:25","slug":"97-2","status":"publish","type":"page","link":"http:\/\/www.sds2021.ufpr.br\/","title":{"rendered":""},"content":{"rendered":"\n<div class=\"wp-block-cover alignfull has-background-dim is-position-center-center\" style=\"background-color:#3ee09d;min-height:349px\"><div class=\"wp-block-cover__inner-container\">\n<p><\/p>\n\n\n\n<div class=\"wp-block-image is-style-default\"><figure class=\"aligncenter size-large is-resized\"><img loading=\"lazy\" src=\"http:\/\/www.sds2021.ufpr.br\/wp-content\/uploads\/2021\/09\/logo_fudo_verde2.png\" alt=\"\" class=\"wp-image-417\" width=\"207\" height=\"169\" srcset=\"http:\/\/www.sds2021.ufpr.br\/wp-content\/uploads\/2021\/09\/logo_fudo_verde2.png 834w, http:\/\/www.sds2021.ufpr.br\/wp-content\/uploads\/2021\/09\/logo_fudo_verde2-300x246.png 300w, http:\/\/www.sds2021.ufpr.br\/wp-content\/uploads\/2021\/09\/logo_fudo_verde2-768x629.png 768w\" sizes=\"(max-width: 207px) 100vw, 207px\" \/><\/figure><\/div>\n\n\n\n<p class=\"has-text-align-center has-text-color\" style=\"color:#3e3e3f;font-size:30px;line-height:1.1\">VIII Simp\u00f3sio de Design Sustent\u00e1vel <br>+ Sustainable Design Symposium<\/p>\n\n\n\n<div class=\"wp-block-buttons aligncenter\">\n<div class=\"wp-block-button\"><a class=\"wp-block-button__link has-background\" href=\"http:\/\/www.sds2021.ufpr.br\/?page_id=412\" style=\"background-color:#0175e8\">PROGRAMA\u00c7\u00c3O<\/a><\/div>\n\n\n\n<div class=\"wp-block-button is-style-default\"><a class=\"wp-block-button__link has-neve-link-hover-color-background-color has-background\" href=\"https:\/\/www.youtube.com\/channel\/UCGjXxOASS2MTv2JwCjah-MA\/videos\">YOUTUBE CHANNEL<\/a><\/div>\n<\/div>\n\n\n\n<p class=\"has-text-align-center has-text-color\" style=\"color:#3e3e3f\"><strong>1, 2 e 3 de Dezembro de 2021<\/strong> <strong>| Online<\/strong><br>Curitiba, Brasil<\/p>\n<\/div><\/div>\n\n\n\n<p><\/p>\n\n\n\n<p><\/p>\n\n\n\n<h2 class=\"has-text-align-center\"><strong>Um dos principais eventos no campo <\/strong><br><strong>do Design para a Sustentabilidade<\/strong><\/h2>\n\n\n\n<p class=\"has-text-align-center\">Durante os tr\u00eas dias do evento teremos um amplo rol de atividades <br>voltadas \u00e0 promo\u00e7\u00e3o do compartilhamento e debate de id\u00e9ias e pr\u00e1ticas, <br>incluindo mesas redonda, sess\u00f5es t\u00e9cnicas, palestras, exposi\u00e7\u00f5es virtuais e lan\u00e7amento de livros.<\/p>\n\n\n\n<div class=\"wp-block-columns are-vertically-aligned-center\">\n<div class=\"wp-block-column is-vertically-aligned-center\"><\/div>\n\n\n\n<div class=\"wp-block-column is-vertically-aligned-center\"><\/div>\n\n\n\n<div class=\"wp-block-column is-vertically-aligned-center\">\n<div class=\"wp-block-image\"><figure class=\"aligncenter size-large is-resized\"><a href=\"https:\/\/www.instagram.com\/lens.brazil\/\"><img loading=\"lazy\" src=\"http:\/\/www.sds2021.ufpr.br\/wp-content\/uploads\/2021\/09\/Objeto-Inteligente-de-Vetor.png\" alt=\"\" class=\"wp-image-454\" width=\"37\" height=\"38\"\/><\/a><\/figure><\/div>\n<\/div>\n\n\n\n<div class=\"wp-block-column is-vertically-aligned-center\">\n<div class=\"wp-block-image\"><figure class=\"aligncenter size-large is-resized\"><a href=\"https:\/\/www.linkedin.com\/company\/lensbrazil-ndsufpr\/\"><img loading=\"lazy\" src=\"http:\/\/www.sds2021.ufpr.br\/wp-content\/uploads\/2021\/09\/Objeto-Inteligente-de-Vetor-1.png\" alt=\"\" class=\"wp-image-455\" width=\"37\" height=\"38\"\/><\/a><\/figure><\/div>\n<\/div>\n\n\n\n<div class=\"wp-block-column is-vertically-aligned-center\"><\/div>\n\n\n\n<div class=\"wp-block-column is-vertically-aligned-center\"><\/div>\n<\/div>\n\n\n\n<p><\/p>\n\n\n\n<p><\/p>\n\n\n\n<div class=\"wp-block-cover alignfull has-nv-dark-bg-background-color has-background-dim\" style=\"min-height:391px\" id=\"Programa\u00e7\u00e3o\"><div class=\"wp-block-cover__inner-container\">\n<p><\/p>\n\n\n\n<h2 class=\"has-text-align-center\">Programa\u00e7\u00e3o<\/h2>\n\n\n\n<figure class=\"wp-block-image alignfull size-large is-style-rounded\"><img loading=\"lazy\" width=\"1024\" height=\"15\" src=\"http:\/\/www.sds2021.ufpr.br\/wp-content\/uploads\/2021\/09\/zigzag2-1024x15.png\" alt=\"\" class=\"wp-image-452\" srcset=\"http:\/\/www.sds2021.ufpr.br\/wp-content\/uploads\/2021\/09\/zigzag2-1024x15.png 1024w, http:\/\/www.sds2021.ufpr.br\/wp-content\/uploads\/2021\/09\/zigzag2-300x4.png 300w, http:\/\/www.sds2021.ufpr.br\/wp-content\/uploads\/2021\/09\/zigzag2-768x11.png 768w, http:\/\/www.sds2021.ufpr.br\/wp-content\/uploads\/2021\/09\/zigzag2-1536x22.png 1536w, http:\/\/www.sds2021.ufpr.br\/wp-content\/uploads\/2021\/09\/zigzag2-2048x30.png 2048w\" sizes=\"(max-width: 1024px) 100vw, 1024px\" \/><\/figure>\n\n\n\n<div class=\"wp-block-columns\">\n<div class=\"wp-block-column\"><\/div>\n\n\n\n<div class=\"wp-block-column\">\n<div class=\"wp-block-image\"><figure class=\"aligncenter size-large is-resized\"><a href=\"http:\/\/www.sds2021.ufpr.br\/?page_id=412\"><img loading=\"lazy\" src=\"http:\/\/www.sds2021.ufpr.br\/wp-content\/uploads\/2021\/09\/program.png\" alt=\"\" class=\"wp-image-451\" width=\"46\" height=\"46\" srcset=\"http:\/\/www.sds2021.ufpr.br\/wp-content\/uploads\/2021\/09\/program.png 185w, http:\/\/www.sds2021.ufpr.br\/wp-content\/uploads\/2021\/09\/program-150x150.png 150w\" sizes=\"(max-width: 46px) 100vw, 46px\" \/><\/a><\/figure><\/div>\n\n\n\n<p class=\"has-text-align-center\"><strong><a href=\"http:\/\/www.sds2021.ufpr.br\/?page_id=412\" data-type=\"URL\" data-id=\"http:\/\/www.sds2021.ufpr.br\/?page_id=412\"><span class=\"has-inline-color has-nv-text-dark-bg-color\">Programa\u00e7\u00e3o completa<\/span><\/a><\/strong><\/p>\n<\/div>\n\n\n\n<div class=\"wp-block-column\">\n<div class=\"wp-block-image\"><figure class=\"aligncenter size-large is-resized\"><a href=\"#nacional\"><img loading=\"lazy\" src=\"http:\/\/www.sds2021.ufpr.br\/wp-content\/uploads\/2021\/09\/nacional.png\" alt=\"\" class=\"wp-image-449\" width=\"46\" height=\"46\" srcset=\"http:\/\/www.sds2021.ufpr.br\/wp-content\/uploads\/2021\/09\/nacional.png 185w, http:\/\/www.sds2021.ufpr.br\/wp-content\/uploads\/2021\/09\/nacional-150x150.png 150w\" sizes=\"(max-width: 46px) 100vw, 46px\" \/><\/a><\/figure><\/div>\n\n\n\n<p class=\"has-text-align-center\"><strong><a href=\"#nacional\"><span class=\"has-inline-color has-nv-text-dark-bg-color\">Palestras nacionais<\/span><\/a><\/strong><\/p>\n<\/div>\n\n\n\n<div class=\"wp-block-column\">\n<div class=\"wp-block-image\"><figure class=\"aligncenter size-large is-resized\"><a href=\"#internacional\"><img loading=\"lazy\" src=\"http:\/\/www.sds2021.ufpr.br\/wp-content\/uploads\/2021\/09\/inter.png\" alt=\"\" class=\"wp-image-450\" width=\"46\" height=\"46\" srcset=\"http:\/\/www.sds2021.ufpr.br\/wp-content\/uploads\/2021\/09\/inter.png 185w, http:\/\/www.sds2021.ufpr.br\/wp-content\/uploads\/2021\/09\/inter-150x150.png 150w\" sizes=\"(max-width: 46px) 100vw, 46px\" \/><\/a><\/figure><\/div>\n\n\n\n<p class=\"has-text-align-center\"><strong><a href=\"#internacional\"><span class=\"has-inline-color has-nv-text-dark-bg-color\">Palestras internacionais<\/span><\/a><\/strong><\/p>\n<\/div>\n\n\n\n<div class=\"wp-block-column\"><\/div>\n<\/div>\n<\/div><\/div>\n\n\n\n<div class=\"wp-block-group\"><div class=\"wp-block-group__inner-container\"><\/div><\/div>\n\n\n\n<div class=\"wp-block-cover alignfull has-nv-c-1-background-color has-background-dim\" style=\"min-height:401px\" id=\"nacional\"><div class=\"wp-block-cover__inner-container\">\n<p><\/p>\n\n\n\n<div class=\"wp-block-columns alignwide are-vertically-aligned-center\">\n<div class=\"wp-block-column is-vertically-aligned-center\">\n<div class=\"wp-block-image\"><figure class=\"aligncenter size-large\"><img loading=\"lazy\" width=\"555\" height=\"555\" src=\"http:\/\/www.sds2021.ufpr.br\/wp-content\/uploads\/2021\/09\/Objeto-Inteligente-de-Vetor-copiar.png\" alt=\"\" class=\"wp-image-441\" srcset=\"http:\/\/www.sds2021.ufpr.br\/wp-content\/uploads\/2021\/09\/Objeto-Inteligente-de-Vetor-copiar.png 555w, http:\/\/www.sds2021.ufpr.br\/wp-content\/uploads\/2021\/09\/Objeto-Inteligente-de-Vetor-copiar-300x300.png 300w, http:\/\/www.sds2021.ufpr.br\/wp-content\/uploads\/2021\/09\/Objeto-Inteligente-de-Vetor-copiar-150x150.png 150w\" sizes=\"(max-width: 555px) 100vw, 555px\" \/><\/figure><\/div>\n<\/div>\n\n\n\n<div class=\"wp-block-column is-vertically-aligned-center\">\n<h2><strong><span class=\"has-inline-color has-nv-text-dark-bg-color\">Novos paradigmas<\/span><\/strong><\/h2>\n\n\n\n<p><em><span class=\"has-inline-color has-nv-text-dark-bg-color\">New Paradigms<\/span><\/em><\/p>\n\n\n\n<p class=\"has-nv-text-dark-bg-color has-text-color has-normal-font-size\"><strong><span class=\"has-inline-color has-nv-text-dark-bg-color\">Monica Moura<\/span><\/strong><br><span class=\"has-inline-color has-nv-text-dark-bg-color\">UNESP<\/span> &#8211; Universidade Estadual Paulista<\/p>\n\n\n\n<p class=\"has-nv-text-dark-bg-color has-text-color has-normal-font-size\"><strong><span class=\"has-inline-color has-nv-text-dark-bg-color\">Claudia<\/span><\/strong> <strong>Zacar<\/strong><br>UFPR &#8211; Universidade Federal do Paran\u00e1<\/p>\n\n\n\n<p class=\"has-nv-text-dark-bg-color has-text-color has-small-font-size\"><span class=\"has-inline-color has-nv-text-dark-bg-color\">Dia 01\/12 &#8211; Palestra em portugu\u00eas<\/span><\/p>\n\n\n\n<div class=\"wp-block-buttons\">\n<div class=\"wp-block-button\"><a class=\"wp-block-button__link\" href=\"http:\/\/www.sds2021.ufpr.br\/?page_id=610\">Ver detalhes<\/a><\/div>\n<\/div>\n<\/div>\n<\/div>\n\n\n\n<p><\/p>\n<\/div><\/div>\n\n\n\n<div class=\"wp-block-cover alignfull has-background-dim\" style=\"background-color:#0175e8;min-height:401px\"><div class=\"wp-block-cover__inner-container\">\n<p><\/p>\n\n\n\n<div class=\"wp-block-columns alignwide are-vertically-aligned-center\">\n<div class=\"wp-block-column is-vertically-aligned-center\">\n<div class=\"wp-block-image\"><figure class=\"aligncenter size-large\"><img loading=\"lazy\" width=\"555\" height=\"555\" src=\"http:\/\/www.sds2021.ufpr.br\/wp-content\/uploads\/2021\/09\/Objeto-Inteligente-de-Vetor-copiar-2.png\" alt=\"\" class=\"wp-image-442\" srcset=\"http:\/\/www.sds2021.ufpr.br\/wp-content\/uploads\/2021\/09\/Objeto-Inteligente-de-Vetor-copiar-2.png 555w, http:\/\/www.sds2021.ufpr.br\/wp-content\/uploads\/2021\/09\/Objeto-Inteligente-de-Vetor-copiar-2-300x300.png 300w, http:\/\/www.sds2021.ufpr.br\/wp-content\/uploads\/2021\/09\/Objeto-Inteligente-de-Vetor-copiar-2-150x150.png 150w\" sizes=\"(max-width: 555px) 100vw, 555px\" \/><\/figure><\/div>\n<\/div>\n\n\n\n<div class=\"wp-block-column is-vertically-aligned-center\">\n<h2><strong><span class=\"has-inline-color has-nv-text-dark-bg-color\">Dimens\u00e3o Social<\/span><\/strong><\/h2>\n\n\n\n<p><em><span class=\"has-inline-color has-nv-site-bg-color\">Social Dimension<\/span><\/em><\/p>\n\n\n\n<p class=\"has-nv-text-dark-bg-color has-text-color has-normal-font-size\"><strong><span class=\"has-inline-color has-nv-text-dark-bg-color\">Raquel Noronha<\/span><\/strong><br><span class=\"has-inline-color has-nv-text-dark-bg-color\">UFMA<\/span> &#8211; Universidade Federal do Maranh\u00e3o<\/p>\n\n\n\n<p class=\"has-nv-text-dark-bg-color has-text-color has-normal-font-size\"><strong><span class=\"has-inline-color has-nv-text-dark-bg-color\">Nadja Mour\u00e3o<\/span><\/strong><br><span class=\"has-inline-color has-nv-text-dark-bg-color\">UEMG<\/span> &#8211; Universidade do Estado de Minas Gerais<\/p>\n\n\n\n<p class=\"has-nv-text-dark-bg-color has-text-color has-small-font-size\"><span class=\"has-inline-color has-nv-text-dark-bg-color\">Dia 01\/12 &#8211; Palestra em portugu\u00eas<\/span><\/p>\n\n\n\n<div class=\"wp-block-buttons\">\n<div class=\"wp-block-button\"><a class=\"wp-block-button__link\" href=\"http:\/\/www.sds2021.ufpr.br\/?page_id=642\">Ver detalhes<\/a><\/div>\n<\/div>\n<\/div>\n<\/div>\n\n\n\n<p><\/p>\n<\/div><\/div>\n\n\n\n<div class=\"wp-block-cover alignfull has-background-dim\" style=\"background-color:#3ee09d;min-height:401px\"><div class=\"wp-block-cover__inner-container\">\n<p><\/p>\n\n\n\n<div class=\"wp-block-columns alignwide are-vertically-aligned-center\">\n<div class=\"wp-block-column is-vertically-aligned-center\">\n<div class=\"wp-block-image\"><figure class=\"aligncenter size-large\"><img loading=\"lazy\" width=\"553\" height=\"553\" src=\"http:\/\/www.sds2021.ufpr.br\/wp-content\/uploads\/2021\/09\/Objeto-Inteligente-de-Vetor-copiar-3.png\" alt=\"\" class=\"wp-image-443\" srcset=\"http:\/\/www.sds2021.ufpr.br\/wp-content\/uploads\/2021\/09\/Objeto-Inteligente-de-Vetor-copiar-3.png 553w, http:\/\/www.sds2021.ufpr.br\/wp-content\/uploads\/2021\/09\/Objeto-Inteligente-de-Vetor-copiar-3-300x300.png 300w, http:\/\/www.sds2021.ufpr.br\/wp-content\/uploads\/2021\/09\/Objeto-Inteligente-de-Vetor-copiar-3-150x150.png 150w\" sizes=\"(max-width: 553px) 100vw, 553px\" \/><\/figure><\/div>\n<\/div>\n\n\n\n<div class=\"wp-block-column is-vertically-aligned-center\">\n<h2><strong><span class=\"has-inline-color has-nv-dark-bg-color\">Dimens\u00e3o Ambiental<\/span><\/strong><\/h2>\n\n\n\n<p><em><span class=\"has-inline-color has-nv-dark-bg-color\">Environmental Dimension<\/span><\/em><\/p>\n\n\n\n<p class=\"has-neve-link-color-color has-text-color has-normal-font-size\"><strong><span class=\"has-inline-color has-nv-dark-bg-color\">Germannya Silva<\/span><\/strong><br><span class=\"has-inline-color has-nv-dark-bg-color\">UFPE &#8211; Universidade Federal de Pernambuco<\/span><\/p>\n\n\n\n<p class=\"has-neve-link-color-color has-text-color has-normal-font-size\"><strong><span class=\"has-inline-color has-nv-dark-bg-color\">D\u00e9bora Bara\u00fana<\/span><\/strong><br><span class=\"has-inline-color has-nv-dark-bg-color\">UNISINOS &#8211; Universidade do Vale do Rio dos Sinos<\/span><\/p>\n\n\n\n<p class=\"has-small-font-size\"><span class=\"has-inline-color has-nv-dark-bg-color\">Dia 02\/12 &#8211; Palestra em portugu\u00eas<\/span><\/p>\n\n\n\n<div class=\"wp-block-buttons\">\n<div class=\"wp-block-button\"><a class=\"wp-block-button__link\" href=\"http:\/\/www.sds2021.ufpr.br\/?page_id=659\">Ver detalhes<\/a><\/div>\n<\/div>\n<\/div>\n<\/div>\n\n\n\n<p><\/p>\n<\/div><\/div>\n\n\n\n<div class=\"wp-block-cover alignfull has-nv-c-2-background-color has-background-dim\" style=\"min-height:401px\"><div class=\"wp-block-cover__inner-container\">\n<p><\/p>\n\n\n\n<div class=\"wp-block-columns alignwide are-vertically-aligned-center\">\n<div class=\"wp-block-column is-vertically-aligned-center\">\n<div class=\"wp-block-image\"><figure class=\"aligncenter size-large\"><img loading=\"lazy\" width=\"554\" height=\"555\" src=\"http:\/\/www.sds2021.ufpr.br\/wp-content\/uploads\/2021\/09\/Objeto-Inteligente-de-Vetor-copiar-4.png\" alt=\"\" class=\"wp-image-444\" srcset=\"http:\/\/www.sds2021.ufpr.br\/wp-content\/uploads\/2021\/09\/Objeto-Inteligente-de-Vetor-copiar-4.png 554w, http:\/\/www.sds2021.ufpr.br\/wp-content\/uploads\/2021\/09\/Objeto-Inteligente-de-Vetor-copiar-4-300x300.png 300w, http:\/\/www.sds2021.ufpr.br\/wp-content\/uploads\/2021\/09\/Objeto-Inteligente-de-Vetor-copiar-4-150x150.png 150w\" sizes=\"(max-width: 554px) 100vw, 554px\" \/><\/figure><\/div>\n<\/div>\n\n\n\n<div class=\"wp-block-column is-vertically-aligned-center\">\n<h2><strong><span class=\"has-inline-color has-nv-text-dark-bg-color\">Dimens\u00e3o Econ\u00f4mica<\/span><\/strong><\/h2>\n\n\n\n<p class=\"has-nv-text-dark-bg-color has-text-color\"><em><span class=\"has-inline-color has-nv-text-dark-bg-color\">Economic Dimension<\/span><\/em><\/p>\n\n\n\n<p class=\"has-nv-text-dark-bg-color has-text-color has-normal-font-size\"><span class=\"has-inline-color has-nv-text-dark-bg-color\"><strong>Ivo Pons <\/strong><br>Universidade Presbiteriana Mackenzie<\/span><\/p>\n\n\n\n<p class=\"has-nv-text-dark-bg-color has-text-color has-normal-font-size\"><span class=\"has-inline-color has-nv-text-dark-bg-color\"><strong>Andr\u00e9 Oliveira<\/strong><br>ESDI &#8211; Escola Superior de Desenho Industrial UERJ<\/span><\/p>\n\n\n\n<p class=\"has-small-font-size\"><span class=\"has-inline-color has-nv-site-bg-color\">Dia 02\/12 &#8211; Palestra em portugu\u00eas<\/span><\/p>\n\n\n\n<div class=\"wp-block-buttons\">\n<div class=\"wp-block-button\"><a class=\"wp-block-button__link\" href=\"http:\/\/www.sds2021.ufpr.br\/?page_id=672\">Ver detalhes<\/a><\/div>\n<\/div>\n<\/div>\n<\/div>\n\n\n\n<p><\/p>\n<\/div><\/div>\n\n\n\n<div class=\"wp-block-cover alignfull has-nv-dark-bg-background-color has-background-dim\" style=\"min-height:401px\" id=\"internacional\"><div class=\"wp-block-cover__inner-container\">\n<p><\/p>\n\n\n\n<div class=\"wp-block-columns alignwide are-vertically-aligned-center\">\n<div class=\"wp-block-column is-vertically-aligned-center\">\n<div class=\"wp-block-image\"><figure class=\"aligncenter size-large\"><img loading=\"lazy\" width=\"555\" height=\"554\" src=\"http:\/\/www.sds2021.ufpr.br\/wp-content\/uploads\/2021\/09\/Objeto-Inteligente-de-Vetor-copiar-5.png\" alt=\"\" class=\"wp-image-445\" srcset=\"http:\/\/www.sds2021.ufpr.br\/wp-content\/uploads\/2021\/09\/Objeto-Inteligente-de-Vetor-copiar-5.png 555w, http:\/\/www.sds2021.ufpr.br\/wp-content\/uploads\/2021\/09\/Objeto-Inteligente-de-Vetor-copiar-5-300x300.png 300w, http:\/\/www.sds2021.ufpr.br\/wp-content\/uploads\/2021\/09\/Objeto-Inteligente-de-Vetor-copiar-5-150x150.png 150w\" sizes=\"(max-width: 555px) 100vw, 555px\" \/><\/figure><\/div>\n<\/div>\n\n\n\n<div class=\"wp-block-column is-vertically-aligned-center\">\n<h2><span class=\"has-inline-color has-nv-site-bg-color\">Sustainable <\/span><strong><span class=\"has-inline-color has-nv-text-dark-bg-color\">Behaviour<\/span><\/strong><\/h2>\n\n\n\n<p><em><span class=\"has-inline-color has-nv-text-dark-bg-color\">Comportam<\/span><span class=\"has-inline-color has-nv-site-bg-color\">ento<\/span><\/em> <span class=\"has-inline-color has-nv-site-bg-color\"><em>Sustent\u00e1vel<\/em><\/span><\/p>\n\n\n\n<p><span class=\"has-inline-color has-nv-text-dark-bg-color\"><strong>Lara Penin<\/strong><br>USA &#8211; Parsons School of Design<br><br><strong>Jan Carel Diehl <\/strong><br>Netherlands &#8211; TU Delft<\/span><\/p>\n\n\n\n<p class=\"has-small-font-size\"><span class=\"has-inline-color has-nv-site-bg-color\">Dia 03\/12 &#8211; Palestra em ingl\u00eas<\/span><\/p>\n\n\n\n<div class=\"wp-block-buttons\">\n<div class=\"wp-block-button\"><a class=\"wp-block-button__link\" href=\"http:\/\/www.sds2021.ufpr.br\/?page_id=685\">Ver detalhes<\/a><\/div>\n<\/div>\n<\/div>\n<\/div>\n\n\n\n<p><\/p>\n<\/div><\/div>\n\n\n\n<div class=\"wp-block-cover alignfull has-nv-dark-bg-background-color has-background-dim\" style=\"min-height:401px\"><div class=\"wp-block-cover__inner-container\">\n<p><\/p>\n\n\n\n<div class=\"wp-block-columns alignwide are-vertically-aligned-center\">\n<div class=\"wp-block-column is-vertically-aligned-center\">\n<div class=\"wp-block-image\"><figure class=\"aligncenter size-large\"><img loading=\"lazy\" width=\"554\" height=\"555\" src=\"http:\/\/www.sds2021.ufpr.br\/wp-content\/uploads\/2021\/09\/Objeto-Inteligente-de-Vetor-copiar-7.png\" alt=\"\" class=\"wp-image-453\" srcset=\"http:\/\/www.sds2021.ufpr.br\/wp-content\/uploads\/2021\/09\/Objeto-Inteligente-de-Vetor-copiar-7.png 554w, http:\/\/www.sds2021.ufpr.br\/wp-content\/uploads\/2021\/09\/Objeto-Inteligente-de-Vetor-copiar-7-300x300.png 300w, http:\/\/www.sds2021.ufpr.br\/wp-content\/uploads\/2021\/09\/Objeto-Inteligente-de-Vetor-copiar-7-150x150.png 150w\" sizes=\"(max-width: 554px) 100vw, 554px\" \/><\/figure><\/div>\n<\/div>\n\n\n\n<div class=\"wp-block-column is-vertically-aligned-center\">\n<h2><strong><strong><span class=\"has-inline-color has-nv-text-dark-bg-color\">Pluriversal Design<\/span><\/strong><\/strong><\/h2>\n\n\n\n<p><span class=\"has-inline-color has-nv-text-dark-bg-color\"><strong>Frederick Van Amstel <\/strong><br>BRAZIL &#8211; Federal University of Technology of Paran\u00e1<\/span><span class=\"has-inline-color has-neve-text-color-color\"><br><\/span><br><span class=\"has-inline-color has-nv-text-dark-bg-color\"><strong>Lesley-Ann Noel <\/strong><br>USA &#8211; North Carolina State University<\/span><\/p>\n\n\n\n<p class=\"has-small-font-size\"><span class=\"has-inline-color has-nv-text-dark-bg-color\">Dia 03\/12 &#8211; Palestra em ingl\u00eas<\/span><\/p>\n\n\n\n<div class=\"wp-block-buttons\">\n<div class=\"wp-block-button\"><a class=\"wp-block-button__link\" href=\"http:\/\/www.sds2021.ufpr.br\/?page_id=696\">Ver detalhes<\/a><\/div>\n<\/div>\n\n\n\n<p><\/p>\n<\/div>\n<\/div>\n\n\n\n<p><\/p>\n<\/div><\/div>\n\n\n\n<div class=\"wp-block-cover alignfull has-nv-dark-bg-background-color has-background-dim\" style=\"min-height:401px\"><div class=\"wp-block-cover__inner-container\">\n<p><\/p>\n\n\n\n<div class=\"wp-block-columns alignwide are-vertically-aligned-center\">\n<div class=\"wp-block-column is-vertically-aligned-center\">\n<div class=\"wp-block-image\"><figure class=\"aligncenter size-large\"><img loading=\"lazy\" width=\"559\" height=\"558\" src=\"http:\/\/www.sds2021.ufpr.br\/wp-content\/uploads\/2021\/09\/Objeto-Inteligente-de-Vetor-copiar-6.png\" alt=\"\" class=\"wp-image-446\" srcset=\"http:\/\/www.sds2021.ufpr.br\/wp-content\/uploads\/2021\/09\/Objeto-Inteligente-de-Vetor-copiar-6.png 559w, http:\/\/www.sds2021.ufpr.br\/wp-content\/uploads\/2021\/09\/Objeto-Inteligente-de-Vetor-copiar-6-300x300.png 300w, http:\/\/www.sds2021.ufpr.br\/wp-content\/uploads\/2021\/09\/Objeto-Inteligente-de-Vetor-copiar-6-150x150.png 150w\" sizes=\"(max-width: 559px) 100vw, 559px\" \/><\/figure><\/div>\n<\/div>\n\n\n\n<div class=\"wp-block-column is-vertically-aligned-center\">\n<h2><strong><strong><strong><span class=\"has-inline-color has-nv-text-dark-bg-color\">Pos-Anthropocentric Design<\/span><\/strong><\/strong><\/strong><\/h2>\n\n\n\n<p><span class=\"has-inline-color has-nv-site-bg-color\"><em>Design P\u00f3s-Antropoc\u00eantrico<\/em><\/span><\/p>\n\n\n\n<p class=\"has-nv-text-dark-bg-color has-text-color\"><span class=\"has-inline-color has-nv-text-dark-bg-color\"><strong>Liam Fennesy<\/strong><br>AUSTRALIA &#8211; RMIT University<\/span><\/p>\n\n\n\n<p class=\"has-nv-text-dark-bg-color has-text-color\"><span class=\"has-inline-color has-nv-text-dark-bg-color\"><strong>Martin Tironi<\/strong><br>CHILE &#8211; Pontificia Universidad Cat\u00f3lica de Chile<\/span><\/p>\n\n\n\n<p class=\"has-small-font-size\"><span class=\"has-inline-color has-nv-site-bg-color\">Dia 03\/12 &#8211; Palestra em ingl\u00eas<\/span><\/p>\n\n\n\n<div class=\"wp-block-buttons\">\n<div class=\"wp-block-button\"><a class=\"wp-block-button__link\" href=\"http:\/\/www.sds2021.ufpr.br\/?page_id=706\">Ver detalhes<\/a><\/div>\n<\/div>\n\n\n\n<p><\/p>\n<\/div>\n<\/div>\n\n\n\n<p><\/p>\n<\/div><\/div>\n\n\n\n<div class=\"wp-block-cover alignfull has-background-dim\" style=\"background-color:#0175e8;min-height:401px\"><div class=\"wp-block-cover__inner-container\">\n<p><\/p>\n\n\n\n<div class=\"wp-block-columns alignwide are-vertically-aligned-center\">\n<div class=\"wp-block-column is-vertically-aligned-center\">\n<div class=\"wp-block-image\"><figure class=\"aligncenter size-large\"><img loading=\"lazy\" width=\"1024\" height=\"1024\" src=\"http:\/\/www.sds2021.ufpr.br\/wp-content\/uploads\/2021\/11\/foto-feira-do-livro_site-SDS2021-1024x1024.jpg\" alt=\"\" class=\"wp-image-798\" srcset=\"http:\/\/www.sds2021.ufpr.br\/wp-content\/uploads\/2021\/11\/foto-feira-do-livro_site-SDS2021-1024x1024.jpg 1024w, http:\/\/www.sds2021.ufpr.br\/wp-content\/uploads\/2021\/11\/foto-feira-do-livro_site-SDS2021-300x300.jpg 300w, http:\/\/www.sds2021.ufpr.br\/wp-content\/uploads\/2021\/11\/foto-feira-do-livro_site-SDS2021-150x150.jpg 150w, http:\/\/www.sds2021.ufpr.br\/wp-content\/uploads\/2021\/11\/foto-feira-do-livro_site-SDS2021-768x768.jpg 768w, http:\/\/www.sds2021.ufpr.br\/wp-content\/uploads\/2021\/11\/foto-feira-do-livro_site-SDS2021-1536x1536.jpg 1536w, http:\/\/www.sds2021.ufpr.br\/wp-content\/uploads\/2021\/11\/foto-feira-do-livro_site-SDS2021-2048x2048.jpg 2048w\" sizes=\"(max-width: 1024px) 100vw, 1024px\" \/><\/figure><\/div>\n<\/div>\n\n\n\n<div class=\"wp-block-column is-vertically-aligned-center\">\n<h2><strong><span class=\"has-inline-color has-nv-text-dark-bg-color\">Feira do Livro<\/span><\/strong><\/h2>\n\n\n\n<p class=\"has-nv-text-dark-bg-color has-text-color has-normal-font-size\"><span class=\"has-inline-color has-nv-text-dark-bg-color\">Confira as ed<\/span>itoras participantes e os cupons no site da feira.<\/p>\n\n\n\n<figure class=\"wp-block-image size-large is-resized\"><img loading=\"lazy\" src=\"http:\/\/www.sds2021.ufpr.br\/wp-content\/uploads\/2021\/11\/LOGO-Feria-do-Livro-de-Design_horizontal_negativo.png\" alt=\"\" class=\"wp-image-800\" width=\"115\" height=\"68\" srcset=\"http:\/\/www.sds2021.ufpr.br\/wp-content\/uploads\/2021\/11\/LOGO-Feria-do-Livro-de-Design_horizontal_negativo.png 731w, http:\/\/www.sds2021.ufpr.br\/wp-content\/uploads\/2021\/11\/LOGO-Feria-do-Livro-de-Design_horizontal_negativo-300x178.png 300w\" sizes=\"(max-width: 115px) 100vw, 115px\" \/><\/figure>\n\n\n\n<div class=\"wp-block-buttons\">\n<div class=\"wp-block-button\"><a class=\"wp-block-button__link\" href=\"http:\/\/www.sds2021.ufpr.br\/?page_id=805\">Ver detalhes<\/a><\/div>\n<\/div>\n\n\n\n<p><\/p>\n<\/div>\n<\/div>\n\n\n\n<p><\/p>\n<\/div><\/div>\n\n\n\n<p><\/p>\n","protected":false},"excerpt":{"rendered":"<p>Um dos principais eventos no campo do Design para a Sustentabilidade Durante os tr\u00eas dias do evento teremos um amplo rol de atividades voltadas \u00e0 promo\u00e7\u00e3o do compartilhamento e debate de id\u00e9ias e pr\u00e1ticas, incluindo mesas redonda, sess\u00f5es t\u00e9cnicas, palestras, exposi\u00e7\u00f5es virtuais e lan\u00e7amento de livros.<\/p>\n","protected":false},"author":1,"featured_media":0,"parent":0,"menu_order":0,"comment_status":"closed","ping_status":"closed","template":"","meta":{"neve_meta_sidebar":"","neve_meta_container":"","neve_meta_enable_content_width":"","neve_meta_content_width":0,"neve_meta_title_alignment":"","neve_meta_author_avatar":"","neve_post_elements_order":"","neve_meta_disable_header":"","neve_meta_disable_footer":"","neve_meta_disable_title":""},"_links":{"self":[{"href":"http:\/\/www.sds2021.ufpr.br\/index.php?rest_route=\/wp\/v2\/pages\/97"}],"collection":[{"href":"http:\/\/www.sds2021.ufpr.br\/index.php?rest_route=\/wp\/v2\/pages"}],"about":[{"href":"http:\/\/www.sds2021.ufpr.br\/index.php?rest_route=\/wp\/v2\/types\/page"}],"author":[{"embeddable":true,"href":"http:\/\/www.sds2021.ufpr.br\/index.php?rest_route=\/wp\/v2\/users\/1"}],"replies":[{"embeddable":true,"href":"http:\/\/www.sds2021.ufpr.br\/index.php?rest_route=%2Fwp%2Fv2%2Fcomments&post=97"}],"version-history":[{"count":82,"href":"http:\/\/www.sds2021.ufpr.br\/index.php?rest_route=\/wp\/v2\/pages\/97\/revisions"}],"predecessor-version":[{"id":1531,"href":"http:\/\/www.sds2021.ufpr.br\/index.php?rest_route=\/wp\/v2\/pages\/97\/revisions\/1531"}],"wp:attachment":[{"href":"http:\/\/www.sds2021.ufpr.br\/index.php?rest_route=%2Fwp%2Fv2%2Fmedia&parent=97"}],"curies":[{"name":"wp","href":"https:\/\/api.w.org\/{rel}","templated":true}]}}